{"id":1006,"date":"2021-11-26T05:01:27","date_gmt":"2021-11-26T05:01:27","guid":{"rendered":"https:\/\/wordpress.iqonic.design\/product\/wp\/vizion-elementor\/?page_id=1006"},"modified":"2023-05-22T07:54:38","modified_gmt":"2023-05-22T07:54:38","slug":"about-us-3","status":"publish","type":"page","link":"https:\/\/camino.science\/?page_id=1006","title":{"rendered":"InSilico Camino"},"content":{"rendered":"\t\t<div data-elementor-type=\"wp-page\" data-elementor-id=\"1006\" class=\"elementor elementor-1006\">\n\t\t\t\t\t\t\t\t\t<div class=\"elementor-section elementor-top-section elementor-element elementor-element-7f0cae3 elementor-section-full_width elementor-section-height-default elementor-section-height-default\" data-id=\"7f0cae3\" data-element_type=\"section\">\n\t\t\t\t\t\t<div class=\"elementor-container elementor-column-gap-default\">\n\t\t\t\t\t<div class=\"elementor-column elementor-col-100 elementor-top-column elementor-element elementor-element-2b87b61 layouts-column-align-inherit layouts-section-position-none\" data-id=\"2b87b61\" data-element_type=\"column\">\n\t\t\t<div class=\"elementor-widget-wrap elementor-element-populated\">\n\t\t\t\t\t\t\t\t<div class=\"hf-elementor-layout elementor-element elementor-element-eedc76f elementor-widget elementor-widget-image\" data-id=\"eedc76f\" data-element_type=\"widget\" data-widget_type=\"image.default\">\n\t\t\t\t<div class=\"elementor-widget-container\">\n\t\t\t<style>\/*! elementor - v3.12.2 - 23-04-2023 *\/\n.elementor-widget-image{text-align:center}.elementor-widget-image a{display:inline-block}.elementor-widget-image a img[src$=\".svg\"]{width:48px}.elementor-widget-image img{vertical-align:middle;display:inline-block}<\/style>\t\t\t\t\t\t\t\t\t\t\t\t<img width=\"1012\" height=\"188\" src=\"https:\/\/camino.science\/wp-content\/uploads\/2023\/04\/5-1.png\" class=\"attachment-full size-full wp-image-22216\" alt=\"\" loading=\"lazy\" srcset=\"https:\/\/camino.science\/wp-content\/uploads\/2023\/04\/5-1.png 1012w, https:\/\/camino.science\/wp-content\/uploads\/2023\/04\/5-1-300x56.png 300w, https:\/\/camino.science\/wp-content\/uploads\/2023\/04\/5-1-768x143.png 768w, https:\/\/camino.science\/wp-content\/uploads\/2023\/04\/5-1-600x111.png 600w\" sizes=\"100vw\" \/>\t\t\t\t\t\t\t\t\t\t\t\t\t\t\t<\/div>\n\t\t\t\t<\/div>\n\t\t\t\t<div class=\"elementor-section elementor-inner-section elementor-element elementor-element-ea74797 elementor-section-boxed elementor-section-height-default elementor-section-height-default\" data-id=\"ea74797\" data-element_type=\"section\">\n\t\t\t\t\t\t<div class=\"elementor-container elementor-column-gap-default\">\n\t\t\t\t\t<div class=\"elementor-column elementor-col-100 elementor-inner-column elementor-element elementor-element-dd14843 layouts-column-align-inherit layouts-section-position-none\" data-id=\"dd14843\" data-element_type=\"column\">\n\t\t\t<div class=\"elementor-widget-wrap elementor-element-populated\">\n\t\t\t\t\t\t\t\t<div class=\"hf-elementor-layout elementor-element elementor-element-b2b9f81 elementor-widget elementor-widget-heading\" data-id=\"b2b9f81\" data-element_type=\"widget\" data-widget_type=\"heading.default\">\n\t\t\t\t<div class=\"elementor-widget-container\">\n\t\t\t<style>\/*! elementor - v3.12.2 - 23-04-2023 *\/\n.elementor-heading-title{padding:0;margin:0;line-height:1}.elementor-widget-heading .elementor-heading-title[class*=elementor-size-]>a{color:inherit;font-size:inherit;line-height:inherit}.elementor-widget-heading .elementor-heading-title.elementor-size-small{font-size:15px}.elementor-widget-heading .elementor-heading-title.elementor-size-medium{font-size:19px}.elementor-widget-heading .elementor-heading-title.elementor-size-large{font-size:29px}.elementor-widget-heading .elementor-heading-title.elementor-size-xl{font-size:39px}.elementor-widget-heading .elementor-heading-title.elementor-size-xxl{font-size:59px}<\/style><h2 class=\"elementor-heading-title elementor-size-default\">InSilico Camino<\/h2>\t\t<\/div>\n\t\t\t\t<\/div>\n\t\t\t\t<div class=\"hf-elementor-layout elementor-element elementor-element-300be60 elementor-widget__width-initial elementor-widget elementor-widget-iqonic_title\" data-id=\"300be60\" data-element_type=\"widget\" data-widget_type=\"iqonic_title.default\">\n\t\t\t\t<div class=\"elementor-widget-container\">\n\t\t\t\n    <div class=\"left vizion-title-box vizion-title-box-1 vizion-before-line\">\n         \t\t\t<h5 class=\"vizion-title vizion-heading-title\">\n\t\t\t\tProject financed\t\t\t<\/h5>\n\t\t\t    <div class=\"vizion-title-desc\">PROGRAM OPERACYJNY Polska Wschodnia o\u015b priorytetowa 1 Przedsi\u0119biorcza Polska Wschodnia dzia\u0142anie 1.1 Platformy startowe dla nowych pomys\u0142\u00f3w poddzia\u0142anie 1.1.2 Rozw\u00f3j startup\u00f3w w Polsce Wschodniej<\/div>    <\/div> \t\t<\/div>\n\t\t\t\t<\/div>\n\t\t\t\t<div class=\"hf-elementor-layout elementor-element elementor-element-e9baee0 elementor-widget__width-initial elementor-widget elementor-widget-iqonic_title\" data-id=\"e9baee0\" data-element_type=\"widget\" data-widget_type=\"iqonic_title.default\">\n\t\t\t\t<div class=\"elementor-widget-container\">\n\t\t\t\n    <div class=\"left vizion-title-box vizion-title-box-1 vizion-before-line\">\n         \t\t\t<h5 class=\"vizion-title vizion-heading-title\">\n\t\t\t\tProject title\t\t\t<\/h5>\n\t\t\t    <div class=\"vizion-title-desc\">InSilico Camino \u2013 platforma oparta na AI, wykonuj\u0105ca predykcje in silico eksperyment\u00f3w in vitro wirus\u00f3w.<\/div>    <\/div> \t\t<\/div>\n\t\t\t\t<\/div>\n\t\t\t\t<div class=\"hf-elementor-layout elementor-element elementor-element-8bb3c37 elementor-widget__width-initial elementor-widget elementor-widget-iqonic_title\" data-id=\"8bb3c37\" data-element_type=\"widget\" data-widget_type=\"iqonic_title.default\">\n\t\t\t\t<div class=\"elementor-widget-container\">\n\t\t\t\n    <div class=\"left vizion-title-box vizion-title-box-1 vizion-before-line\">\n         \t\t\t<h5 class=\"vizion-title vizion-heading-title\">\n\t\t\t\tProject goals\t\t\t<\/h5>\n\t\t\t    <div class=\"vizion-title-desc\">The aim of the project is to further develop the current product, leading to the production and\nproviding an innovative service, enabling entering new markets and creating more innovative products.\nThe company\u2019s operational goal and the main result of the project is to implement business activities\nan innovative prediction service in silico.\nThe purpose of the project effect is to improve the quality of the work of end users. The creation of a concept the product and the service based on it is the result of the real need of the market.<\/div>    <\/div> \t\t<\/div>\n\t\t\t\t<\/div>\n\t\t\t\t<div class=\"hf-elementor-layout elementor-element elementor-element-ab5cad2 elementor-widget__width-initial elementor-widget elementor-widget-iqonic_title\" data-id=\"ab5cad2\" data-element_type=\"widget\" data-widget_type=\"iqonic_title.default\">\n\t\t\t\t<div class=\"elementor-widget-container\">\n\t\t\t\n    <div class=\"left vizion-title-box vizion-title-box-1 vizion-before-line\">\n         \t\t\t<h5 class=\"vizion-title vizion-heading-title\">\n\t\t\t\tResults\t\t\t<\/h5>\n\t\t\t    <div class=\"vizion-title-desc\">Product innovation will be a platform for simulation of in vitro experiments in\nconditions in silico, which is:<\/div>    <\/div> \t\t<\/div>\n\t\t\t\t<\/div>\n\t\t\t\t<div class=\"hf-elementor-layout elementor-element elementor-element-65e86e6 elementor-widget__width-initial elementor-icon-list--layout-traditional elementor-list-item-link-full_width elementor-widget elementor-widget-icon-list\" data-id=\"65e86e6\" data-element_type=\"widget\" data-widget_type=\"icon-list.default\">\n\t\t\t\t<div class=\"elementor-widget-container\">\n\t\t\t<link rel=\"stylesheet\" href=\"https:\/\/camino.science\/wp-content\/plugins\/elementor\/assets\/css\/widget-icon-list.min.css\">\t\t<ul class=\"elementor-icon-list-items\">\n\t\t\t\t\t\t\t<li class=\"elementor-icon-list-item\">\n\t\t\t\t\t\t\t\t\t\t\t<span class=\"elementor-icon-list-icon\">\n\t\t\t\t\t\t\t<i aria-hidden=\"true\" class=\"fas fa-check\"><\/i>\t\t\t\t\t\t<\/span>\n\t\t\t\t\t\t\t\t\t\t<span class=\"elementor-icon-list-text\">perform predictions about the effectiveness of a given virus<\/span>\n\t\t\t\t\t\t\t\t\t<\/li>\n\t\t\t\t\t\t\t\t<li class=\"elementor-icon-list-item\">\n\t\t\t\t\t\t\t\t\t\t\t<span class=\"elementor-icon-list-icon\">\n\t\t\t\t\t\t\t<i aria-hidden=\"true\" class=\"fas fa-check\"><\/i>\t\t\t\t\t\t<\/span>\n\t\t\t\t\t\t\t\t\t\t<span class=\"elementor-icon-list-text\">determine the places of mutation allowing to increase the effectiveness of the virus<\/span>\n\t\t\t\t\t\t\t\t\t<\/li>\n\t\t\t\t\t\t\t\t<li class=\"elementor-icon-list-item\">\n\t\t\t\t\t\t\t\t\t\t\t<span class=\"elementor-icon-list-icon\">\n\t\t\t\t\t\t\t<i aria-hidden=\"true\" class=\"fas fa-check\"><\/i>\t\t\t\t\t\t<\/span>\n\t\t\t\t\t\t\t\t\t\t<span class=\"elementor-icon-list-text\">generate explorations to produced predictions<\/span>\n\t\t\t\t\t\t\t\t\t<\/li>\n\t\t\t\t\t\t<\/ul>\n\t\t\t\t<\/div>\n\t\t\t\t<\/div>\n\t\t\t\t<div class=\"hf-elementor-layout elementor-element elementor-element-fe0bc32 elementor-widget__width-initial elementor-widget elementor-widget-iqonic_title\" data-id=\"fe0bc32\" data-element_type=\"widget\" data-widget_type=\"iqonic_title.default\">\n\t\t\t\t<div class=\"elementor-widget-container\">\n\t\t\t\n    <div class=\"left vizion-title-box vizion-title-box-1 vizion-before-line\">\n         \t\t\t<h5 class=\"vizion-title vizion-heading-title\">\n\t\t\t\tProject value\t\t\t<\/h5>\n\t\t\t    <div class=\"vizion-title-desc\">1 185 200.00 PLN<\/div>    <\/div> \t\t<\/div>\n\t\t\t\t<\/div>\n\t\t\t\t\t<\/div>\n\t\t<\/div>\n\t\t\t\t\t\t\t<\/div>\n\t\t<\/div>\n\t\t\t\t\t<\/div>\n\t\t<\/div>\n\t\t\t\t\t\t\t<\/div>\n\t\t<\/div>\n\t\t\t\t\t\t\t<\/div>\n\t\t","protected":false},"excerpt":{"rendered":"<p>InSilico Camino Project financed PROGRAM OPERACYJNY Polska Wschodnia o\u015b priorytetowa 1 Przedsi\u0119biorcza Polska Wschodnia dzia\u0142anie 1.1 Platformy startowe dla nowych pomys\u0142\u00f3w poddzia\u0142anie 1.1.2 Rozw\u00f3j startup\u00f3w w Polsce Wschodniej Project title InSilico Camino \u2013 platforma oparta na AI, wykonuj\u0105ca predykcje in silico eksperyment\u00f3w in vitro wirus\u00f3w. Project goals The aim of the project is to further [&hellip;]<\/p>\n","protected":false},"author":1,"featured_media":22240,"parent":0,"menu_order":0,"comment_status":"closed","ping_status":"closed","template":"","meta":[],"acf":[],"_links":{"self":[{"href":"https:\/\/camino.science\/index.php?rest_route=\/wp\/v2\/pages\/1006"}],"collection":[{"href":"https:\/\/camino.science\/index.php?rest_route=\/wp\/v2\/pages"}],"about":[{"href":"https:\/\/camino.science\/index.php?rest_route=\/wp\/v2\/types\/page"}],"author":[{"embeddable":true,"href":"https:\/\/camino.science\/index.php?rest_route=\/wp\/v2\/users\/1"}],"replies":[{"embeddable":true,"href":"https:\/\/camino.science\/index.php?rest_route=%2Fwp%2Fv2%2Fcomments&post=1006"}],"version-history":[{"count":34,"href":"https:\/\/camino.science\/index.php?rest_route=\/wp\/v2\/pages\/1006\/revisions"}],"predecessor-version":[{"id":22340,"href":"https:\/\/camino.science\/index.php?rest_route=\/wp\/v2\/pages\/1006\/revisions\/22340"}],"wp:featuredmedia":[{"embeddable":true,"href":"https:\/\/camino.science\/index.php?rest_route=\/wp\/v2\/media\/22240"}],"wp:attachment":[{"href":"https:\/\/camino.science\/index.php?rest_route=%2Fwp%2Fv2%2Fmedia&parent=1006"}],"curies":[{"name":"wp","href":"https:\/\/api.w.org\/{rel}","templated":true}]}}